{"id":37,"date":"2016-09-21T14:02:30","date_gmt":"2016-09-21T11:02:30","guid":{"rendered":"http:\/\/www.koeru.edu.ee\/kaljulepik1\/?page_id=37"},"modified":"2016-09-21T14:02:30","modified_gmt":"2016-09-21T11:02:30","slug":"esimene-luulevoistlus-2003","status":"publish","type":"page","link":"https:\/\/www.koeru.edu.ee\/kaljulepik\/ajalugu\/esimene-luulevoistlus-2003\/","title":{"rendered":"Esimene luulev\u00f5istlus (2003)"},"content":{"rendered":"<p style=\"text-align: center;\"><b>7. oktoober 2003<\/b><\/p>\n<p style=\"text-align: left;\">Osalejaid kokku 12.<\/p>\n<p><span style=\"font-size: small;\">Parimad<\/span><\/p>\n<div><\/div>\n<p>L<strong>apsed<\/strong><\/p>\n<p>lootuse auhind: Annela Tikerb\u00e4r<br \/>\nnoored &#8211; I koht: Liina Vassar<br \/>\nII-IV koht: Stiina Kristal, Pamela Parts, Triin Amur<\/p>\n<p><strong>T\u00e4iskasvanud<\/strong><br \/>\nk\u00f5ige lepikulikum esineja<br \/>\nI-II koht: Jaan Pass, Kalju Enniko<br \/>\nIII-V koht: Herbert Last, Elgi Oras, Thea Kristal<\/p>\n<p>Z\u00fcrii: Liivi Vassar, Elle Laig, Janne Vink, Reet Aule, Annika Aava<\/p>\n","protected":false},"excerpt":{"rendered":"<p>7. oktoober 2003 Osalejaid kokku 12. Parimad Lapsed lootuse auhind: Annela Tikerb\u00e4r noored &#8211; I koht: Liina Vassar II-IV koht: Stiina Kristal, Pamela Parts, Triin Amur T\u00e4iskasvanud k\u00f5ige lepikulikum esineja I-II koht: Jaan Pass, Kalju Enniko III-V koht: Herbert Last, &hellip; <a href=\"https:\/\/www.koeru.edu.ee\/kaljulepik\/ajalugu\/esimene-luulevoistlus-2003\/\">J\u00e4tka lugemist <span class=\"meta-nav\">&rarr;<\/span><\/a><\/p>\n","protected":false},"author":1,"featured_media":0,"parent":33,"menu_order":0,"comment_status":"closed","ping_status":"closed","template":"","meta":{"footnotes":""},"class_list":["post-37","page","type-page","status-publish","hentry"],"_links":{"self":[{"href":"https:\/\/www.koeru.edu.ee\/kaljulepik\/wp-json\/wp\/v2\/pages\/37","targetHints":{"allow":["GET"]}}],"collection":[{"href":"https:\/\/www.koeru.edu.ee\/kaljulepik\/wp-json\/wp\/v2\/pages"}],"about":[{"href":"https:\/\/www.koeru.edu.ee\/kaljulepik\/wp-json\/wp\/v2\/types\/page"}],"author":[{"embeddable":true,"href":"https:\/\/www.koeru.edu.ee\/kaljulepik\/wp-json\/wp\/v2\/users\/1"}],"replies":[{"embeddable":true,"href":"https:\/\/www.koeru.edu.ee\/kaljulepik\/wp-json\/wp\/v2\/comments?post=37"}],"version-history":[{"count":1,"href":"https:\/\/www.koeru.edu.ee\/kaljulepik\/wp-json\/wp\/v2\/pages\/37\/revisions"}],"predecessor-version":[{"id":38,"href":"https:\/\/www.koeru.edu.ee\/kaljulepik\/wp-json\/wp\/v2\/pages\/37\/revisions\/38"}],"up":[{"embeddable":true,"href":"https:\/\/www.koeru.edu.ee\/kaljulepik\/wp-json\/wp\/v2\/pages\/33"}],"wp:attachment":[{"href":"https:\/\/www.koeru.edu.ee\/kaljulepik\/wp-json\/wp\/v2\/media?parent=37"}],"curies":[{"name":"wp","href":"https:\/\/api.w.org\/{rel}","templated":true}]}}