{"id":1300,"date":"2023-09-13T20:10:25","date_gmt":"2023-09-13T17:10:25","guid":{"rendered":"https:\/\/www.koeru.edu.ee\/kaljulepik\/?page_id=1300"},"modified":"2023-09-13T20:10:26","modified_gmt":"2023-09-13T17:10:26","slug":"xx-kalju-lepiku-luulevoistlus-2022","status":"publish","type":"page","link":"https:\/\/www.koeru.edu.ee\/kaljulepik\/xx-kalju-lepiku-luulevoistlus-2022\/","title":{"rendered":"XX Kalju Lepiku luulev\u00f5istlus (2022)"},"content":{"rendered":"\n<p><\/p>\n\n\n\n<p>15. oktoobril 2022 Koerus Aruk\u00fcla m\u00f5isas<br><\/p>\n\n\n\n<p>\u017d\u00fcrii koosseisus Jaanus Vaiksoo, Indrek Koff, Jane Kiristaja, Terje Truska ja J\u00fcri<br>Kaugerand andsid v\u00e4lja j\u00e4rgmised preemiad:<\/p>\n\n\n\n<p><br><strong>P\u00d5HIKOOL<br><\/strong>I koht GRETE LEAS \u2013 Audru kool<br>II koht MERIBEL LEPPIK \u2013 Miina H\u00e4rma G\u00fcmnaasium<br>III koht MADAR M\u00c4NDOJA \u2013 Heimtali P\u00f5hikool<br>IV koht Koeru Apteegi eripreemia KAROLA LEE AASAVELT \u2013 T\u00fcri P\u00f5hikool<br>Tuleviku eripreemia ANNABEL KINSIVER \u2013 T\u00fcri P\u00f5hikool<br>Eripreemia selge ja sorava esitluse eest RAUL HANSCHMIDT \u2013 T\u00fcri P\u00f5hikool<br>Eripreemia v\u00e4ljapaistva ballaadi eest MARTIN M\u00c4NDOJA \u2013 Heimtali P\u00f5hikool<br>J\u00e4rvamaa Keskraamatukogu eripreemia alateadlikult raamatukogude t\u00e4htsustamise eest MARTA SUITSBERG \u2013 T\u00fcri P\u00f5hikool<br><br><strong>G\u00dcMNAASIUM<\/strong><br>I koht TRIINU KREE \u2013Viljandi G\u00fcmnaasium<br>II koht BETHRIIN PILV \u2013 Tallinna 32. Keskkool<br>III koht PAULA STERNHOF \u2013 L\u00e4hte \u00dchisg\u00fcmnaasium<br>IV koht Koeru Apteegi eripreemia BRITA JUSKE \u2013 Tallinna 32. Keskkool<br>Eripreemia v\u00e4ga hea luule esitamise eest HELLA \u00d5ITSPUU \u2013 Viljandi G\u00fcmnaasium<br>Koeru Keskkooli auhind parimale \u00f5pilaspoeedile ELISABETH HEINSALU \u2013 Audentese e-g\u00fcmnaasium<br>Eesti Rahvakultuuri Keskuse eripreemia luuletusele, mis oli inspireeritud eestlusest, Eestimaast ja eestlastest ning mis antud temaatikat s\u00f5naselgelt v\u00e4ljendas <br>ELISABETH HEINSALU \u2013 Audentese e-g\u00fcmnaasium<br>Publiku lemmik ELISABETH HEINSALU \u2013 Audentese e-g\u00fcmnaasium<br><br><strong>T\u00c4ISKASVANUD<\/strong><br>I koht REIJO ROOS &#8211; Tallinn-Helsingi<br>II koht MARKUS LEHTSALU \u2013 Viljandi<br>III koht SIGRID SINNEP \u2013 Ilmandu k\u00fcla, Harku vald<br>IV koht Koeru Apteegi eripreemia INDREK KALBUS \u2013 Tallinn<br>Ajaluule eripreemia TAIVO J\u00dcRJO \u2013 Tartu<br>Koeru raamatuklubi Vaimuvalgus eripreemia elamuslike ja hingeminevate luuletuste eest JAAK K\u00c4ND \u2013 P\u00e4rnu<br>J\u00e4rvamaa Keskraamatukogu eripreemia luulega p\u00f5lvkondade sidususe v\u00e4\u00e4rtustamise eest JAAK K\u00c4ND \u2013 P\u00e4rnu<br><br>Toetajad: Eesti Kultuurkapitali J\u00e4rvamaa ekspertgrupp, Kalju Lepiku perekond, ajakiri Hea Laps, ajakiri V\u00e4rske R\u00f5hk, J\u00e4rva vald<br>Korraldajad Koeru Kultuurimaja, Koeru Keskkool, Koeru Haridus- ja Kultuuriselts, Koeru<br>Raamatukogu, Koeru raamatuklubi Vaimuvalgus<\/p>\n","protected":false},"excerpt":{"rendered":"<p>15. oktoobril 2022 Koerus Aruk\u00fcla m\u00f5isas \u017d\u00fcrii koosseisus Jaanus Vaiksoo, Indrek Koff, Jane Kiristaja, Terje Truska ja J\u00fcriKaugerand andsid v\u00e4lja j\u00e4rgmised preemiad: P\u00d5HIKOOLI koht GRETE LEAS \u2013 Audru koolII koht MERIBEL LEPPIK \u2013 Miina H\u00e4rma G\u00fcmnaasiumIII koht MADAR M\u00c4NDOJA \u2013 &hellip; <a href=\"https:\/\/www.koeru.edu.ee\/kaljulepik\/xx-kalju-lepiku-luulevoistlus-2022\/\">J\u00e4tka lugemist <span class=\"meta-nav\">&rarr;<\/span><\/a><\/p>\n","protected":false},"author":1,"featured_media":0,"parent":0,"menu_order":0,"comment_status":"closed","ping_status":"closed","template":"","meta":{"footnotes":""},"class_list":["post-1300","page","type-page","status-publish","hentry"],"_links":{"self":[{"href":"https:\/\/www.koeru.edu.ee\/kaljulepik\/wp-json\/wp\/v2\/pages\/1300","targetHints":{"allow":["GET"]}}],"collection":[{"href":"https:\/\/www.koeru.edu.ee\/kaljulepik\/wp-json\/wp\/v2\/pages"}],"about":[{"href":"https:\/\/www.koeru.edu.ee\/kaljulepik\/wp-json\/wp\/v2\/types\/page"}],"author":[{"embeddable":true,"href":"https:\/\/www.koeru.edu.ee\/kaljulepik\/wp-json\/wp\/v2\/users\/1"}],"replies":[{"embeddable":true,"href":"https:\/\/www.koeru.edu.ee\/kaljulepik\/wp-json\/wp\/v2\/comments?post=1300"}],"version-history":[{"count":1,"href":"https:\/\/www.koeru.edu.ee\/kaljulepik\/wp-json\/wp\/v2\/pages\/1300\/revisions"}],"predecessor-version":[{"id":1302,"href":"https:\/\/www.koeru.edu.ee\/kaljulepik\/wp-json\/wp\/v2\/pages\/1300\/revisions\/1302"}],"wp:attachment":[{"href":"https:\/\/www.koeru.edu.ee\/kaljulepik\/wp-json\/wp\/v2\/media?parent=1300"}],"curies":[{"name":"wp","href":"https:\/\/api.w.org\/{rel}","templated":true}]}}