{"id":1314,"date":"2024-09-11T21:07:56","date_gmt":"2024-09-11T18:07:56","guid":{"rendered":"https:\/\/www.koeru.edu.ee\/kaljulepik\/?page_id=1314"},"modified":"2024-09-11T21:07:56","modified_gmt":"2024-09-11T18:07:56","slug":"xxi-kalju-lepiku-luulevoistlus-2023","status":"publish","type":"page","link":"http:\/\/www.koeru.edu.ee\/kaljulepik\/xxi-kalju-lepiku-luulevoistlus-2023\/","title":{"rendered":"XXI Kalju Lepiku luulev\u00f5istlus 2023"},"content":{"rendered":"\n<ol start=\"21\" class=\"wp-block-list\">\n<li>Kalju Lepiku luulev\u00f5istluse tulemused<\/li>\n\n\n\n<li>oktoobril 2023 Koerus Aruk\u00fcla m\u00f5isas<\/li>\n<\/ol>\n\n\n\n<p>\u017d\u00fcrii kooseisus:<br>ANDRA TEEDE \u2013 kirjanik, luuletaja, dramaturg<br>JAANUS VAIKSOO \u2013 luuletaja, eesti kirjandusteadlane, \u00f5petaja, lastekirjanik<br>TIINA P\u00d5LDOJA \u2013 Koeru keskkooli eesti keele ja kirjanduse \u00f5petaja<br>KARMEN VELITSCHINSKY \u2013 J\u00e4rva&nbsp;vallaraamatukogu direktor<br>ELEENE SAMMLER \u2013 Paide g\u00fcmnaasiumi eesti keele ja kirjanduse \u00f5petaja, loovkirjutamise<br>kursuste juhendaja<\/p>\n\n\n\n<p>\u017d\u00fcrii andis v\u00e4lja j\u00e4rgmised preemiad:<br>P\u00f5hikool<br>I koht KAIRIT KOLK \u2013 T\u00fcri p\u00f5hikool 9.c klass, juhendaja Sirle V\u00f5tti<br>II koht BIBI LOORE PILIPENKO \u2013 V\u00e4\u00e4tsa P\u00f5hikool, 9. klass, juhendaja Terje Truska<br>III koht MADAR M\u00c4NDOJA \u2013 Heimtali P\u00f5hikool, 7. klass, \u00f5petaja Eike Kass<br>IV koht Koeru Apteegi preemia GRETE LEAS \u2013 Audru Kool, 9. klass, juhendaja Pille<br>Raudla-Loode<br>Eripreemia ANNABEL KINSIVER lootustandvate ja elur\u00f5\u00f5msate luuletuste eest \u2013 T\u00fcri<br>P\u00f5hikooli 4.b klass, juhendaja \u00f5petaja Anneli Talviste<br>Koeru Keskkooli preemia ANNABEL KINSIVER \u2013 T\u00fcri P\u00f5hikooli 4.b klass, juhendaja<br>\u00f5petaja Anneli Talvisten<\/p>\n\n\n\n<p>G\u00fcmnaasium<br>I koht TRIINU KREE \u2013 Viljandi G\u00fcmnaasium, humanitaar-kunstisuund, 12. klass<br>II koht BIRKE MIRELL PAHAPILL \u2013 Tallinna 32. Keskkool 11. klass, \u00f5petaja Eva Kalbus<br>III koht LAURA-LIIS UUSSAAR \u2013 Viimsi G\u00fcmnaasium, 12. klass, juhendaja K\u00fclli T\u00e4ht<br>IV koht Koeru Apteegi preemia LIISA-LOTTA KALDMA \u2013 Viimsi G\u00fcmnaasium, 12. klass,<br>juhendaja K\u00fclli T\u00e4ht<br>Eripreemia MARI KIVITALU huvitava kujundi kasutuse eest \u2013 L\u00e4hte \u00dchisg\u00fcmnaasium,<br>12.klass<br>Eesti Rahvakultuuri Keskuse eripreemia luuletuse eest \u201eArgip\u00e4eva eestlased\u201c ELIISE LEPP \u2013<br>Viimsi G\u00fcmnaasium, 12. klass, juhendaja K\u00fclli T\u00e4ht<\/p>\n\n\n\n<p>T\u00e4iskasvanud<br>I koht SILVER TEINBAS, Viljandi<br>II koht ELLI K\u00d5IV, Tartumaa, Kastre vald Haaslava k\u00fcla, eesti keele ja kirjanduse \u00f5petaja<br>III koht PILLE RAUDLA-LOODE, Audru Kooli eesti keele ja kirjanduse \u00f5petaja<br>IV koht Koeru Apteegi preemia LEMBIT NISU, Rakvere<\/p>\n\n\n\n<p>Koeru Raamatukogu eripreemia elamusliku n\u00e4itlejameisterliku esinemise eest \u2013 LEMBIT<br>NISU<\/p>\n\n\n\n<p>Publiku lemmik &#8211; MARI ROOSME \u2013 T\u00fcri P\u00f5hikooli 7.b klass, juhendaja \u00f5petaja Anneli<br>Talviste<br>Toetajad: Eesti Kultuurkapitali J\u00e4rvamaa ekspertgrupp, Eesti Rahvakultuuri Keskuse, Kalju<br>Lepiku perekond, J\u00e4rva vald<br>Korraldajad Koeru Kultuurimaja, Koeru Keskkool, Koeru Haridus- ja Kultuuriselts, Koeru<br>Raamatukogu<\/p>\n","protected":false},"excerpt":{"rendered":"<p>\u017d\u00fcrii kooseisus:ANDRA TEEDE \u2013 kirjanik, luuletaja, dramaturgJAANUS VAIKSOO \u2013 luuletaja, eesti kirjandusteadlane, \u00f5petaja, lastekirjanikTIINA P\u00d5LDOJA \u2013 Koeru keskkooli eesti keele ja kirjanduse \u00f5petajaKARMEN VELITSCHINSKY \u2013 J\u00e4rva&nbsp;vallaraamatukogu direktorELEENE SAMMLER \u2013 Paide g\u00fcmnaasiumi eesti keele ja kirjanduse \u00f5petaja, loovkirjutamisekursuste juhendaja \u017d\u00fcrii andis &hellip; <a href=\"http:\/\/www.koeru.edu.ee\/kaljulepik\/xxi-kalju-lepiku-luulevoistlus-2023\/\">J\u00e4tka lugemist <span class=\"meta-nav\">&rarr;<\/span><\/a><\/p>\n","protected":false},"author":1,"featured_media":0,"parent":0,"menu_order":0,"comment_status":"closed","ping_status":"closed","template":"","meta":{"footnotes":""},"class_list":["post-1314","page","type-page","status-publish","hentry"],"_links":{"self":[{"href":"http:\/\/www.koeru.edu.ee\/kaljulepik\/wp-json\/wp\/v2\/pages\/1314","targetHints":{"allow":["GET"]}}],"collection":[{"href":"http:\/\/www.koeru.edu.ee\/kaljulepik\/wp-json\/wp\/v2\/pages"}],"about":[{"href":"http:\/\/www.koeru.edu.ee\/kaljulepik\/wp-json\/wp\/v2\/types\/page"}],"author":[{"embeddable":true,"href":"http:\/\/www.koeru.edu.ee\/kaljulepik\/wp-json\/wp\/v2\/users\/1"}],"replies":[{"embeddable":true,"href":"http:\/\/www.koeru.edu.ee\/kaljulepik\/wp-json\/wp\/v2\/comments?post=1314"}],"version-history":[{"count":1,"href":"http:\/\/www.koeru.edu.ee\/kaljulepik\/wp-json\/wp\/v2\/pages\/1314\/revisions"}],"predecessor-version":[{"id":1316,"href":"http:\/\/www.koeru.edu.ee\/kaljulepik\/wp-json\/wp\/v2\/pages\/1314\/revisions\/1316"}],"wp:attachment":[{"href":"http:\/\/www.koeru.edu.ee\/kaljulepik\/wp-json\/wp\/v2\/media?parent=1314"}],"curies":[{"name":"wp","href":"https:\/\/api.w.org\/{rel}","templated":true}]}}